{"id":2,"date":"2020-08-27T05:56:18","date_gmt":"2020-08-27T05:56:18","guid":{"rendered":"https:\/\/faehrmanns-hus.de\/?page_id=2"},"modified":"2020-08-27T06:02:27","modified_gmt":"2020-08-27T06:02:27","slug":"sample-page","status":"publish","type":"page","link":"https:\/\/faehrmanns-hus.de\/","title":{"rendered":"Willkommen"},"content":{"rendered":"\r\n<p>Hier entsteht eine neue Webseite&#8230; Bitte schauen Sie in K\u00fcrze wieder herein.<\/p>\r\n","protected":false},"excerpt":{"rendered":"<p>Hier entsteht eine neue Webseite&#8230; Bitte schauen Sie in K\u00fcrze wieder herein.<\/p>\n","protected":false},"author":1,"featured_media":0,"parent":0,"menu_order":0,"comment_status":"closed","ping_status":"open","template":"","meta":{"footnotes":""},"class_list":["post-2","page","type-page","status-publish","hentry"],"yoast_head":"<!-- This site is optimized with the Yoast SEO plugin v20.2.1 - https:\/\/yoast.com\/wordpress\/plugins\/seo\/ -->\n<title>Willkommen - Ferienwohnung in Altef\u00e4hr - Urlaub auf R\u00fcgen<\/title>\n<meta name=\"robots\" content=\"index, follow, max-snippet:-1, max-image-preview:large, max-video-preview:-1\" \/>\n<link rel=\"canonical\" href=\"https:\/\/faehrmanns-hus.de\/\" \/>\n<meta property=\"og:locale\" content=\"de_DE\" \/>\n<meta property=\"og:type\" content=\"article\" \/>\n<meta property=\"og:title\" content=\"Willkommen - Ferienwohnung in Altef\u00e4hr - Urlaub auf R\u00fcgen\" \/>\n<meta property=\"og:description\" content=\"Hier entsteht eine neue Webseite&#8230; Bitte schauen Sie in K\u00fcrze wieder herein.\" \/>\n<meta property=\"og:url\" content=\"https:\/\/faehrmanns-hus.de\/\" \/>\n<meta property=\"og:site_name\" content=\"Ferienwohnung in Altef\u00e4hr - Urlaub auf R\u00fcgen\" \/>\n<meta property=\"article:modified_time\" content=\"2020-08-27T06:02:27+00:00\" \/>\n<meta name=\"twitter:card\" content=\"summary_large_image\" \/>\n<script type=\"application\/ld+json\" class=\"yoast-schema-graph\">{\"@context\":\"https:\/\/schema.org\",\"@graph\":[{\"@type\":\"WebPage\",\"@id\":\"https:\/\/faehrmanns-hus.de\/\",\"url\":\"https:\/\/faehrmanns-hus.de\/\",\"name\":\"Willkommen - Ferienwohnung in Altef\u00e4hr - Urlaub auf R\u00fcgen\",\"isPartOf\":{\"@id\":\"https:\/\/faehrmanns-hus.de\/#website\"},\"datePublished\":\"2020-08-27T05:56:18+00:00\",\"dateModified\":\"2020-08-27T06:02:27+00:00\",\"breadcrumb\":{\"@id\":\"https:\/\/faehrmanns-hus.de\/#breadcrumb\"},\"inLanguage\":\"de\",\"potentialAction\":[{\"@type\":\"ReadAction\",\"target\":[\"https:\/\/faehrmanns-hus.de\/\"]}]},{\"@type\":\"BreadcrumbList\",\"@id\":\"https:\/\/faehrmanns-hus.de\/#breadcrumb\",\"itemListElement\":[{\"@type\":\"ListItem\",\"position\":1,\"name\":\"Home\",\"item\":\"https:\/\/faehrmanns-hus.de\/\"},{\"@type\":\"ListItem\",\"position\":2,\"name\":\"Willkommen\"}]},{\"@type\":\"WebSite\",\"@id\":\"https:\/\/faehrmanns-hus.de\/#website\",\"url\":\"https:\/\/faehrmanns-hus.de\/\",\"name\":\"Ferienwohnung in Altef\u00e4hr - Urlaub auf R\u00fcgen\",\"description\":\"S\u00fcdr\u00fcgen von seiner sch\u00f6nsten Seite\",\"potentialAction\":[{\"@type\":\"SearchAction\",\"target\":{\"@type\":\"EntryPoint\",\"urlTemplate\":\"https:\/\/faehrmanns-hus.de\/?s={search_term_string}\"},\"query-input\":\"required name=search_term_string\"}],\"inLanguage\":\"de\"}]}<\/script>\n<!-- \/ Yoast SEO plugin. -->","yoast_head_json":{"title":"Willkommen - Ferienwohnung in Altef\u00e4hr - Urlaub auf R\u00fcgen","robots":{"index":"index","follow":"follow","max-snippet":"max-snippet:-1","max-image-preview":"max-image-preview:large","max-video-preview":"max-video-preview:-1"},"canonical":"https:\/\/faehrmanns-hus.de\/","og_locale":"de_DE","og_type":"article","og_title":"Willkommen - Ferienwohnung in Altef\u00e4hr - Urlaub auf R\u00fcgen","og_description":"Hier entsteht eine neue Webseite&#8230; Bitte schauen Sie in K\u00fcrze wieder herein.","og_url":"https:\/\/faehrmanns-hus.de\/","og_site_name":"Ferienwohnung in Altef\u00e4hr - Urlaub auf R\u00fcgen","article_modified_time":"2020-08-27T06:02:27+00:00","twitter_card":"summary_large_image","schema":{"@context":"https:\/\/schema.org","@graph":[{"@type":"WebPage","@id":"https:\/\/faehrmanns-hus.de\/","url":"https:\/\/faehrmanns-hus.de\/","name":"Willkommen - Ferienwohnung in Altef\u00e4hr - Urlaub auf R\u00fcgen","isPartOf":{"@id":"https:\/\/faehrmanns-hus.de\/#website"},"datePublished":"2020-08-27T05:56:18+00:00","dateModified":"2020-08-27T06:02:27+00:00","breadcrumb":{"@id":"https:\/\/faehrmanns-hus.de\/#breadcrumb"},"inLanguage":"de","potentialAction":[{"@type":"ReadAction","target":["https:\/\/faehrmanns-hus.de\/"]}]},{"@type":"BreadcrumbList","@id":"https:\/\/faehrmanns-hus.de\/#breadcrumb","itemListElement":[{"@type":"ListItem","position":1,"name":"Home","item":"https:\/\/faehrmanns-hus.de\/"},{"@type":"ListItem","position":2,"name":"Willkommen"}]},{"@type":"WebSite","@id":"https:\/\/faehrmanns-hus.de\/#website","url":"https:\/\/faehrmanns-hus.de\/","name":"Ferienwohnung in Altef\u00e4hr - Urlaub auf R\u00fcgen","description":"S\u00fcdr\u00fcgen von seiner sch\u00f6nsten Seite","potentialAction":[{"@type":"SearchAction","target":{"@type":"EntryPoint","urlTemplate":"https:\/\/faehrmanns-hus.de\/?s={search_term_string}"},"query-input":"required name=search_term_string"}],"inLanguage":"de"}]}},"_links":{"self":[{"href":"https:\/\/faehrmanns-hus.de\/index.php\/wp-json\/wp\/v2\/pages\/2","targetHints":{"allow":["GET"]}}],"collection":[{"href":"https:\/\/faehrmanns-hus.de\/index.php\/wp-json\/wp\/v2\/pages"}],"about":[{"href":"https:\/\/faehrmanns-hus.de\/index.php\/wp-json\/wp\/v2\/types\/page"}],"author":[{"embeddable":true,"href":"https:\/\/faehrmanns-hus.de\/index.php\/wp-json\/wp\/v2\/users\/1"}],"replies":[{"embeddable":true,"href":"https:\/\/faehrmanns-hus.de\/index.php\/wp-json\/wp\/v2\/comments?post=2"}],"version-history":[{"count":1,"href":"https:\/\/faehrmanns-hus.de\/index.php\/wp-json\/wp\/v2\/pages\/2\/revisions"}],"predecessor-version":[{"id":7,"href":"https:\/\/faehrmanns-hus.de\/index.php\/wp-json\/wp\/v2\/pages\/2\/revisions\/7"}],"wp:attachment":[{"href":"https:\/\/faehrmanns-hus.de\/index.php\/wp-json\/wp\/v2\/media?parent=2"}],"curies":[{"name":"wp","href":"https:\/\/api.w.org\/{rel}","templated":true}]}}