{"id":53,"date":"2020-09-04T06:47:07","date_gmt":"2020-09-04T06:47:07","guid":{"rendered":"https:\/\/faehrmanns-hus.de\/?page_id=53"},"modified":"2021-03-08T13:12:21","modified_gmt":"2021-03-08T13:12:21","slug":"galerie","status":"publish","type":"page","link":"https:\/\/faehrmanns-hus.de\/index.php\/galerie\/","title":{"rendered":"Galerie"},"content":{"rendered":"\r\n\t\t<style type='text\/css'>\r\n\t\t\t#gallery-1 {\r\n\t\t\t\tmargin: auto;\r\n\t\t\t}\r\n\t\t\t#gallery-1 .gallery-item {\r\n\t\t\t\tfloat: left;\r\n\t\t\t\tmargin-top: 10px;\r\n\t\t\t\ttext-align: center;\r\n\t\t\t\twidth: 33%;\r\n\t\t\t}\r\n\t\t\t#gallery-1 img {\r\n\t\t\t\tborder: 2px solid #cfcfcf;\r\n\t\t\t}\r\n\t\t\t#gallery-1 .gallery-caption {\r\n\t\t\t\tmargin-left: 0;\r\n\t\t\t}\r\n\t\t<\/style>\r\n\t\t<!-- see gallery_shortcode() in wp-includes\/media.php -->\n\t\t<div id='gallery-1' class='gallery galleryid-53 gallery-columns-3 gallery-size-thumbnail gallery1'><script type=\"text\/javascript\">\r\n\/\/ <![CDATA[\r\n\tjQuery(document).ready(function () {\r\n\t\tjQuery(\".gallery1 a\").attr(\"rel\",\"gallery1\");\t\r\n\t\tjQuery('a[rel=\"gallery1\"]').colorbox({maxWidth:\"95%\", maxHeight:\"95%\",title: function(){ return jQuery(this).children().attr(\"alt\"); }, });\r\n\t});\r\n\/\/ ]]>\r\n<\/script>\n<dl class=\"gallery-item\">\n<dt class=\"gallery-icon\">\r\n<a href=\"https:\/\/faehrmanns-hus.de\/wp-content\/uploads\/2021\/03\/P1010720-1024x683.jpg\" title=\"\" rel=\"gallery1\"><img loading=\"lazy\" decoding=\"async\" src=\"https:\/\/faehrmanns-hus.de\/wp-content\/uploads\/2021\/03\/P1010720-150x150.jpg\" width=\"150\" height=\"150\" alt=\"\" \/><\/a>\r\n<\/dt><\/dl><dl class=\"gallery-item\">\n<dt class=\"gallery-icon\">\r\n<a href=\"https:\/\/faehrmanns-hus.de\/wp-content\/uploads\/2020\/09\/fdefa060-2a87-413e-a961-057007d956e8-1024x576.jpeg\" title=\"\" rel=\"gallery1\"><img loading=\"lazy\" decoding=\"async\" src=\"https:\/\/faehrmanns-hus.de\/wp-content\/uploads\/2020\/09\/fdefa060-2a87-413e-a961-057007d956e8-150x150.jpeg\" width=\"150\" height=\"150\" alt=\"\" \/><\/a>\r\n<\/dt><\/dl><dl class=\"gallery-item\">\n<dt class=\"gallery-icon\">\r\n<a href=\"https:\/\/faehrmanns-hus.de\/wp-content\/uploads\/2021\/03\/P1010731-1024x768.jpg\" title=\"\" rel=\"gallery1\"><img loading=\"lazy\" decoding=\"async\" src=\"https:\/\/faehrmanns-hus.de\/wp-content\/uploads\/2021\/03\/P1010731-150x150.jpg\" width=\"150\" height=\"150\" alt=\"\" \/><\/a>\r\n<\/dt><\/dl><br style=\"clear: both\" \/><dl class=\"gallery-item\">\n<dt class=\"gallery-icon\">\r\n<a href=\"https:\/\/faehrmanns-hus.de\/wp-content\/uploads\/2020\/09\/f2ee18e7-af41-4147-aec8-456688cd007c-576x1024.jpeg\" title=\"\" rel=\"gallery1\"><img loading=\"lazy\" decoding=\"async\" src=\"https:\/\/faehrmanns-hus.de\/wp-content\/uploads\/2020\/09\/f2ee18e7-af41-4147-aec8-456688cd007c-150x150.jpeg\" width=\"150\" height=\"150\" alt=\"\" \/><\/a>\r\n<\/dt><\/dl><dl class=\"gallery-item\">\n<dt class=\"gallery-icon\">\r\n<a href=\"https:\/\/faehrmanns-hus.de\/wp-content\/uploads\/2021\/03\/P1010737-1024x768.jpg\" title=\"\" rel=\"gallery1\"><img loading=\"lazy\" decoding=\"async\" src=\"https:\/\/faehrmanns-hus.de\/wp-content\/uploads\/2021\/03\/P1010737-150x150.jpg\" width=\"150\" height=\"150\" alt=\"\" \/><\/a>\r\n<\/dt><\/dl><dl class=\"gallery-item\">\n<dt class=\"gallery-icon\">\r\n<a href=\"https:\/\/faehrmanns-hus.de\/wp-content\/uploads\/2020\/09\/e3783cb8-f59a-4f42-b80c-0fcb1fe9a87f-576x1024.jpeg\" title=\"\" rel=\"gallery1\"><img loading=\"lazy\" decoding=\"async\" src=\"https:\/\/faehrmanns-hus.de\/wp-content\/uploads\/2020\/09\/e3783cb8-f59a-4f42-b80c-0fcb1fe9a87f-150x150.jpeg\" width=\"150\" height=\"150\" alt=\"\" \/><\/a>\r\n<\/dt><\/dl><br style=\"clear: both\" \/><dl class=\"gallery-item\">\n<dt class=\"gallery-icon\">\r\n<a href=\"https:\/\/faehrmanns-hus.de\/wp-content\/uploads\/2020\/09\/dc53c742-b1e0-4aeb-9bd8-b395f3e9d9f7-1024x576.jpeg\" title=\"\" rel=\"gallery1\"><img loading=\"lazy\" decoding=\"async\" src=\"https:\/\/faehrmanns-hus.de\/wp-content\/uploads\/2020\/09\/dc53c742-b1e0-4aeb-9bd8-b395f3e9d9f7-150x150.jpeg\" width=\"150\" height=\"150\" alt=\"\" \/><\/a>\r\n<\/dt><\/dl><dl class=\"gallery-item\">\n<dt class=\"gallery-icon\">\r\n<a href=\"https:\/\/faehrmanns-hus.de\/wp-content\/uploads\/2020\/09\/b51989f8-4cea-4618-b9a5-ca1d43ca9e4e-1024x576.jpeg\" title=\"\" rel=\"gallery1\"><img loading=\"lazy\" decoding=\"async\" src=\"https:\/\/faehrmanns-hus.de\/wp-content\/uploads\/2020\/09\/b51989f8-4cea-4618-b9a5-ca1d43ca9e4e-150x150.jpeg\" width=\"150\" height=\"150\" alt=\"\" \/><\/a>\r\n<\/dt><\/dl><dl class=\"gallery-item\">\n<dt class=\"gallery-icon\">\r\n<a href=\"https:\/\/faehrmanns-hus.de\/wp-content\/uploads\/2020\/09\/ad1283a0-c482-4576-af23-8611f397407c-576x1024.jpeg\" title=\"\" rel=\"gallery1\"><img loading=\"lazy\" decoding=\"async\" src=\"https:\/\/faehrmanns-hus.de\/wp-content\/uploads\/2020\/09\/ad1283a0-c482-4576-af23-8611f397407c-150x150.jpeg\" width=\"150\" height=\"150\" alt=\"\" \/><\/a>\r\n<\/dt><\/dl><br style=\"clear: both\" \/><dl class=\"gallery-item\">\n<dt class=\"gallery-icon\">\r\n<a href=\"https:\/\/faehrmanns-hus.de\/wp-content\/uploads\/2021\/03\/P1010726-1024x768.jpg\" title=\"\" rel=\"gallery1\"><img loading=\"lazy\" decoding=\"async\" src=\"https:\/\/faehrmanns-hus.de\/wp-content\/uploads\/2021\/03\/P1010726-150x150.jpg\" width=\"150\" height=\"150\" alt=\"\" \/><\/a>\r\n<\/dt><\/dl><dl class=\"gallery-item\">\n<dt class=\"gallery-icon\">\r\n<a href=\"https:\/\/faehrmanns-hus.de\/wp-content\/uploads\/2020\/09\/8b3c7856-3d07-4992-b2cf-697ff919cbed-576x1024.jpeg\" title=\"\" rel=\"gallery1\"><img loading=\"lazy\" decoding=\"async\" src=\"https:\/\/faehrmanns-hus.de\/wp-content\/uploads\/2020\/09\/8b3c7856-3d07-4992-b2cf-697ff919cbed-150x150.jpeg\" width=\"150\" height=\"150\" alt=\"\" \/><\/a>\r\n<\/dt><\/dl><dl class=\"gallery-item\">\n<dt class=\"gallery-icon\">\r\n<a href=\"https:\/\/faehrmanns-hus.de\/wp-content\/uploads\/2020\/09\/a79f2fed-a02f-4cec-a53f-324ae7083bf6-576x1024.jpeg\" title=\"\" rel=\"gallery1\"><img loading=\"lazy\" decoding=\"async\" src=\"https:\/\/faehrmanns-hus.de\/wp-content\/uploads\/2020\/09\/a79f2fed-a02f-4cec-a53f-324ae7083bf6-150x150.jpeg\" width=\"150\" height=\"150\" alt=\"\" \/><\/a>\r\n<\/dt><\/dl><br style=\"clear: both\" \/><dl class=\"gallery-item\">\n<dt class=\"gallery-icon\">\r\n<a href=\"https:\/\/faehrmanns-hus.de\/wp-content\/uploads\/2020\/09\/a5b002e5-4312-499e-9f8b-55e715535d32-1024x576.jpeg\" title=\"\" rel=\"gallery1\"><img loading=\"lazy\" decoding=\"async\" src=\"https:\/\/faehrmanns-hus.de\/wp-content\/uploads\/2020\/09\/a5b002e5-4312-499e-9f8b-55e715535d32-150x150.jpeg\" width=\"150\" height=\"150\" alt=\"\" \/><\/a>\r\n<\/dt><\/dl><dl class=\"gallery-item\">\n<dt class=\"gallery-icon\">\r\n<a href=\"https:\/\/faehrmanns-hus.de\/wp-content\/uploads\/2020\/09\/103348a8-070a-4b89-bc25-23cee3286266-576x1024.jpeg\" title=\"\" rel=\"gallery1\"><img loading=\"lazy\" decoding=\"async\" src=\"https:\/\/faehrmanns-hus.de\/wp-content\/uploads\/2020\/09\/103348a8-070a-4b89-bc25-23cee3286266-150x150.jpeg\" width=\"150\" height=\"150\" alt=\"\" \/><\/a>\r\n<\/dt><\/dl><dl class=\"gallery-item\">\n<dt class=\"gallery-icon\">\r\n<a href=\"https:\/\/faehrmanns-hus.de\/wp-content\/uploads\/2021\/03\/P1010733-1024x768.jpg\" title=\"\" rel=\"gallery1\"><img loading=\"lazy\" decoding=\"async\" src=\"https:\/\/faehrmanns-hus.de\/wp-content\/uploads\/2021\/03\/P1010733-150x150.jpg\" width=\"150\" height=\"150\" alt=\"\" \/><\/a>\r\n<\/dt><\/dl><br style=\"clear: both\" \/><dl class=\"gallery-item\">\n<dt class=\"gallery-icon\">\r\n<a href=\"https:\/\/faehrmanns-hus.de\/wp-content\/uploads\/2020\/09\/828f3280-2a0d-43f9-b791-6c187bf11898-576x1024.jpeg\" title=\"\" rel=\"gallery1\"><img loading=\"lazy\" decoding=\"async\" src=\"https:\/\/faehrmanns-hus.de\/wp-content\/uploads\/2020\/09\/828f3280-2a0d-43f9-b791-6c187bf11898-150x150.jpeg\" width=\"150\" height=\"150\" alt=\"\" \/><\/a>\r\n<\/dt><\/dl><dl class=\"gallery-item\">\n<dt class=\"gallery-icon\">\r\n<a href=\"https:\/\/faehrmanns-hus.de\/wp-content\/uploads\/2021\/03\/P1010735-1024x768.jpg\" title=\"\" rel=\"gallery1\"><img loading=\"lazy\" decoding=\"async\" src=\"https:\/\/faehrmanns-hus.de\/wp-content\/uploads\/2021\/03\/P1010735-150x150.jpg\" width=\"150\" height=\"150\" alt=\"\" \/><\/a>\r\n<\/dt><\/dl>\r\n\t\t\t<br style='clear: both' \/>\r\n\t\t<\/div>\n\n<p style=\"text-align: center;\"><a href=\"https:\/\/faehrmanns-hus.de\"><input type=\"button\" value=\"Zur\u00fcck zur Startseite\" \/><\/a><\/p>\n","protected":false},"excerpt":{"rendered":"","protected":false},"author":1,"featured_media":30,"parent":0,"menu_order":0,"comment_status":"closed","ping_status":"closed","template":"","meta":{"footnotes":""},"class_list":["post-53","page","type-page","status-publish","has-post-thumbnail","hentry"],"yoast_head":"<!-- This site is optimized with the Yoast SEO plugin v20.2.1 - https:\/\/yoast.com\/wordpress\/plugins\/seo\/ -->\n<title>Galerie - Ferienwohnung in Altef\u00e4hr - Urlaub auf R\u00fcgen<\/title>\n<meta name=\"robots\" content=\"index, follow, max-snippet:-1, max-image-preview:large, max-video-preview:-1\" \/>\n<link rel=\"canonical\" href=\"https:\/\/faehrmanns-hus.de\/index.php\/galerie\/\" \/>\n<meta property=\"og:locale\" content=\"de_DE\" \/>\n<meta property=\"og:type\" content=\"article\" \/>\n<meta property=\"og:title\" content=\"Galerie - Ferienwohnung in Altef\u00e4hr - Urlaub auf R\u00fcgen\" \/>\n<meta property=\"og:url\" content=\"https:\/\/faehrmanns-hus.de\/index.php\/galerie\/\" \/>\n<meta property=\"og:site_name\" content=\"Ferienwohnung in Altef\u00e4hr - Urlaub auf R\u00fcgen\" \/>\n<meta property=\"article:modified_time\" content=\"2021-03-08T13:12:21+00:00\" \/>\n<meta property=\"og:image\" content=\"https:\/\/faehrmanns-hus.de\/wp-content\/uploads\/2020\/09\/beach-3552168_1920.jpg\" \/>\n\t<meta property=\"og:image:width\" content=\"1920\" \/>\n\t<meta property=\"og:image:height\" content=\"1280\" \/>\n\t<meta property=\"og:image:type\" content=\"image\/jpeg\" \/>\n<meta name=\"twitter:card\" content=\"summary_large_image\" \/>\n<script type=\"application\/ld+json\" class=\"yoast-schema-graph\">{\"@context\":\"https:\/\/schema.org\",\"@graph\":[{\"@type\":\"WebPage\",\"@id\":\"https:\/\/faehrmanns-hus.de\/index.php\/galerie\/\",\"url\":\"https:\/\/faehrmanns-hus.de\/index.php\/galerie\/\",\"name\":\"Galerie - Ferienwohnung in Altef\u00e4hr - Urlaub auf R\u00fcgen\",\"isPartOf\":{\"@id\":\"https:\/\/faehrmanns-hus.de\/#website\"},\"datePublished\":\"2020-09-04T06:47:07+00:00\",\"dateModified\":\"2021-03-08T13:12:21+00:00\",\"breadcrumb\":{\"@id\":\"https:\/\/faehrmanns-hus.de\/index.php\/galerie\/#breadcrumb\"},\"inLanguage\":\"de\",\"potentialAction\":[{\"@type\":\"ReadAction\",\"target\":[\"https:\/\/faehrmanns-hus.de\/index.php\/galerie\/\"]}]},{\"@type\":\"BreadcrumbList\",\"@id\":\"https:\/\/faehrmanns-hus.de\/index.php\/galerie\/#breadcrumb\",\"itemListElement\":[{\"@type\":\"ListItem\",\"position\":1,\"name\":\"Home\",\"item\":\"https:\/\/faehrmanns-hus.de\/\"},{\"@type\":\"ListItem\",\"position\":2,\"name\":\"Galerie\"}]},{\"@type\":\"WebSite\",\"@id\":\"https:\/\/faehrmanns-hus.de\/#website\",\"url\":\"https:\/\/faehrmanns-hus.de\/\",\"name\":\"Ferienwohnung in Altef\u00e4hr - Urlaub auf R\u00fcgen\",\"description\":\"S\u00fcdr\u00fcgen von seiner sch\u00f6nsten Seite\",\"potentialAction\":[{\"@type\":\"SearchAction\",\"target\":{\"@type\":\"EntryPoint\",\"urlTemplate\":\"https:\/\/faehrmanns-hus.de\/?s={search_term_string}\"},\"query-input\":\"required name=search_term_string\"}],\"inLanguage\":\"de\"}]}<\/script>\n<!-- \/ Yoast SEO plugin. -->","yoast_head_json":{"title":"Galerie - Ferienwohnung in Altef\u00e4hr - Urlaub auf R\u00fcgen","robots":{"index":"index","follow":"follow","max-snippet":"max-snippet:-1","max-image-preview":"max-image-preview:large","max-video-preview":"max-video-preview:-1"},"canonical":"https:\/\/faehrmanns-hus.de\/index.php\/galerie\/","og_locale":"de_DE","og_type":"article","og_title":"Galerie - Ferienwohnung in Altef\u00e4hr - Urlaub auf R\u00fcgen","og_url":"https:\/\/faehrmanns-hus.de\/index.php\/galerie\/","og_site_name":"Ferienwohnung in Altef\u00e4hr - Urlaub auf R\u00fcgen","article_modified_time":"2021-03-08T13:12:21+00:00","og_image":[{"width":1920,"height":1280,"url":"https:\/\/faehrmanns-hus.de\/wp-content\/uploads\/2020\/09\/beach-3552168_1920.jpg","type":"image\/jpeg"}],"twitter_card":"summary_large_image","schema":{"@context":"https:\/\/schema.org","@graph":[{"@type":"WebPage","@id":"https:\/\/faehrmanns-hus.de\/index.php\/galerie\/","url":"https:\/\/faehrmanns-hus.de\/index.php\/galerie\/","name":"Galerie - Ferienwohnung in Altef\u00e4hr - Urlaub auf R\u00fcgen","isPartOf":{"@id":"https:\/\/faehrmanns-hus.de\/#website"},"datePublished":"2020-09-04T06:47:07+00:00","dateModified":"2021-03-08T13:12:21+00:00","breadcrumb":{"@id":"https:\/\/faehrmanns-hus.de\/index.php\/galerie\/#breadcrumb"},"inLanguage":"de","potentialAction":[{"@type":"ReadAction","target":["https:\/\/faehrmanns-hus.de\/index.php\/galerie\/"]}]},{"@type":"BreadcrumbList","@id":"https:\/\/faehrmanns-hus.de\/index.php\/galerie\/#breadcrumb","itemListElement":[{"@type":"ListItem","position":1,"name":"Home","item":"https:\/\/faehrmanns-hus.de\/"},{"@type":"ListItem","position":2,"name":"Galerie"}]},{"@type":"WebSite","@id":"https:\/\/faehrmanns-hus.de\/#website","url":"https:\/\/faehrmanns-hus.de\/","name":"Ferienwohnung in Altef\u00e4hr - Urlaub auf R\u00fcgen","description":"S\u00fcdr\u00fcgen von seiner sch\u00f6nsten Seite","potentialAction":[{"@type":"SearchAction","target":{"@type":"EntryPoint","urlTemplate":"https:\/\/faehrmanns-hus.de\/?s={search_term_string}"},"query-input":"required name=search_term_string"}],"inLanguage":"de"}]}},"_links":{"self":[{"href":"https:\/\/faehrmanns-hus.de\/index.php\/wp-json\/wp\/v2\/pages\/53","targetHints":{"allow":["GET"]}}],"collection":[{"href":"https:\/\/faehrmanns-hus.de\/index.php\/wp-json\/wp\/v2\/pages"}],"about":[{"href":"https:\/\/faehrmanns-hus.de\/index.php\/wp-json\/wp\/v2\/types\/page"}],"author":[{"embeddable":true,"href":"https:\/\/faehrmanns-hus.de\/index.php\/wp-json\/wp\/v2\/users\/1"}],"replies":[{"embeddable":true,"href":"https:\/\/faehrmanns-hus.de\/index.php\/wp-json\/wp\/v2\/comments?post=53"}],"version-history":[{"count":6,"href":"https:\/\/faehrmanns-hus.de\/index.php\/wp-json\/wp\/v2\/pages\/53\/revisions"}],"predecessor-version":[{"id":122,"href":"https:\/\/faehrmanns-hus.de\/index.php\/wp-json\/wp\/v2\/pages\/53\/revisions\/122"}],"wp:featuredmedia":[{"embeddable":true,"href":"https:\/\/faehrmanns-hus.de\/index.php\/wp-json\/wp\/v2\/media\/30"}],"wp:attachment":[{"href":"https:\/\/faehrmanns-hus.de\/index.php\/wp-json\/wp\/v2\/media?parent=53"}],"curies":[{"name":"wp","href":"https:\/\/api.w.org\/{rel}","templated":true}]}}