{"id":58,"date":"2020-09-04T06:54:52","date_gmt":"2020-09-04T06:54:52","guid":{"rendered":"https:\/\/faehrmanns-hus.de\/?page_id=58"},"modified":"2020-09-07T06:05:51","modified_gmt":"2020-09-07T06:05:51","slug":"anfahrtskarte","status":"publish","type":"page","link":"https:\/\/faehrmanns-hus.de\/index.php\/anfahrtskarte\/","title":{"rendered":"Anfahrtskarte"},"content":{"rendered":"<p>Hier finden Sie uns<\/p>\n<p style=\"text-align: center;\">\n<iframe loading=\"lazy\" width=\"600\" height=\"450\" style=\"border: 0;\" src=\"https:\/\/www.google.com\/maps\/embed?pb=!1m18!1m12!1m3!1d2326.510480555399!2d13.122254715534758!3d54.33028498019694!2m3!1f0!2f0!3f0!3m2!1i1024!2i768!4f13.1!3m3!1m2!1s0x47ab63e09be4d3c5%3A0xa02fb31d43ec3aee!2sAm%20F%C3%A4hrberg%206%2C%2018573%20Altef%C3%A4hr!5e0!3m2!1sde!2sde!4v1599202447208!5m2!1sde!2sde\" frameborder=\"0\" allowfullscreen=\"allowfullscreen\" aria-hidden=\"false\" tabindex=\"0\"><\/iframe><\/p>\n<p><\/p>\n<p style=\"text-align: center;\"><a href=\"https:\/\/faehrmanns-hus.de\"><input type=\"button\" value=\"Zur\u00fcck zur Startseite\" \/><\/a><\/p>\n","protected":false},"excerpt":{"rendered":"<p>Hier finden Sie uns<\/p>\n","protected":false},"author":1,"featured_media":31,"parent":0,"menu_order":0,"comment_status":"closed","ping_status":"closed","template":"","meta":{"footnotes":""},"class_list":["post-58","page","type-page","status-publish","has-post-thumbnail","hentry"],"yoast_head":"<!-- This site is optimized with the Yoast SEO plugin v20.2.1 - https:\/\/yoast.com\/wordpress\/plugins\/seo\/ -->\n<title>Anfahrtskarte - Ferienwohnung in Altef\u00e4hr - Urlaub auf R\u00fcgen<\/title>\n<meta name=\"robots\" content=\"index, follow, max-snippet:-1, max-image-preview:large, max-video-preview:-1\" \/>\n<link rel=\"canonical\" href=\"https:\/\/faehrmanns-hus.de\/index.php\/anfahrtskarte\/\" \/>\n<meta property=\"og:locale\" content=\"de_DE\" \/>\n<meta property=\"og:type\" content=\"article\" \/>\n<meta property=\"og:title\" content=\"Anfahrtskarte - Ferienwohnung in Altef\u00e4hr - Urlaub auf R\u00fcgen\" \/>\n<meta property=\"og:description\" content=\"Hier finden Sie uns\" \/>\n<meta property=\"og:url\" content=\"https:\/\/faehrmanns-hus.de\/index.php\/anfahrtskarte\/\" \/>\n<meta property=\"og:site_name\" content=\"Ferienwohnung in Altef\u00e4hr - Urlaub auf R\u00fcgen\" \/>\n<meta property=\"article:modified_time\" content=\"2020-09-07T06:05:51+00:00\" \/>\n<meta property=\"og:image\" content=\"https:\/\/faehrmanns-hus.de\/wp-content\/uploads\/2020\/09\/rugen-3681387_1920.jpg\" \/>\n\t<meta property=\"og:image:width\" content=\"1920\" \/>\n\t<meta property=\"og:image:height\" content=\"1133\" \/>\n\t<meta property=\"og:image:type\" content=\"image\/jpeg\" \/>\n<meta name=\"twitter:card\" content=\"summary_large_image\" \/>\n<script type=\"application\/ld+json\" class=\"yoast-schema-graph\">{\"@context\":\"https:\/\/schema.org\",\"@graph\":[{\"@type\":\"WebPage\",\"@id\":\"https:\/\/faehrmanns-hus.de\/index.php\/anfahrtskarte\/\",\"url\":\"https:\/\/faehrmanns-hus.de\/index.php\/anfahrtskarte\/\",\"name\":\"Anfahrtskarte - Ferienwohnung in Altef\u00e4hr - Urlaub auf R\u00fcgen\",\"isPartOf\":{\"@id\":\"https:\/\/faehrmanns-hus.de\/#website\"},\"datePublished\":\"2020-09-04T06:54:52+00:00\",\"dateModified\":\"2020-09-07T06:05:51+00:00\",\"breadcrumb\":{\"@id\":\"https:\/\/faehrmanns-hus.de\/index.php\/anfahrtskarte\/#breadcrumb\"},\"inLanguage\":\"de\",\"potentialAction\":[{\"@type\":\"ReadAction\",\"target\":[\"https:\/\/faehrmanns-hus.de\/index.php\/anfahrtskarte\/\"]}]},{\"@type\":\"BreadcrumbList\",\"@id\":\"https:\/\/faehrmanns-hus.de\/index.php\/anfahrtskarte\/#breadcrumb\",\"itemListElement\":[{\"@type\":\"ListItem\",\"position\":1,\"name\":\"Home\",\"item\":\"https:\/\/faehrmanns-hus.de\/\"},{\"@type\":\"ListItem\",\"position\":2,\"name\":\"Anfahrtskarte\"}]},{\"@type\":\"WebSite\",\"@id\":\"https:\/\/faehrmanns-hus.de\/#website\",\"url\":\"https:\/\/faehrmanns-hus.de\/\",\"name\":\"Ferienwohnung in Altef\u00e4hr - Urlaub auf R\u00fcgen\",\"description\":\"S\u00fcdr\u00fcgen von seiner sch\u00f6nsten Seite\",\"potentialAction\":[{\"@type\":\"SearchAction\",\"target\":{\"@type\":\"EntryPoint\",\"urlTemplate\":\"https:\/\/faehrmanns-hus.de\/?s={search_term_string}\"},\"query-input\":\"required name=search_term_string\"}],\"inLanguage\":\"de\"}]}<\/script>\n<!-- \/ Yoast SEO plugin. -->","yoast_head_json":{"title":"Anfahrtskarte - Ferienwohnung in Altef\u00e4hr - Urlaub auf R\u00fcgen","robots":{"index":"index","follow":"follow","max-snippet":"max-snippet:-1","max-image-preview":"max-image-preview:large","max-video-preview":"max-video-preview:-1"},"canonical":"https:\/\/faehrmanns-hus.de\/index.php\/anfahrtskarte\/","og_locale":"de_DE","og_type":"article","og_title":"Anfahrtskarte - Ferienwohnung in Altef\u00e4hr - Urlaub auf R\u00fcgen","og_description":"Hier finden Sie uns","og_url":"https:\/\/faehrmanns-hus.de\/index.php\/anfahrtskarte\/","og_site_name":"Ferienwohnung in Altef\u00e4hr - Urlaub auf R\u00fcgen","article_modified_time":"2020-09-07T06:05:51+00:00","og_image":[{"width":1920,"height":1133,"url":"https:\/\/faehrmanns-hus.de\/wp-content\/uploads\/2020\/09\/rugen-3681387_1920.jpg","type":"image\/jpeg"}],"twitter_card":"summary_large_image","schema":{"@context":"https:\/\/schema.org","@graph":[{"@type":"WebPage","@id":"https:\/\/faehrmanns-hus.de\/index.php\/anfahrtskarte\/","url":"https:\/\/faehrmanns-hus.de\/index.php\/anfahrtskarte\/","name":"Anfahrtskarte - Ferienwohnung in Altef\u00e4hr - Urlaub auf R\u00fcgen","isPartOf":{"@id":"https:\/\/faehrmanns-hus.de\/#website"},"datePublished":"2020-09-04T06:54:52+00:00","dateModified":"2020-09-07T06:05:51+00:00","breadcrumb":{"@id":"https:\/\/faehrmanns-hus.de\/index.php\/anfahrtskarte\/#breadcrumb"},"inLanguage":"de","potentialAction":[{"@type":"ReadAction","target":["https:\/\/faehrmanns-hus.de\/index.php\/anfahrtskarte\/"]}]},{"@type":"BreadcrumbList","@id":"https:\/\/faehrmanns-hus.de\/index.php\/anfahrtskarte\/#breadcrumb","itemListElement":[{"@type":"ListItem","position":1,"name":"Home","item":"https:\/\/faehrmanns-hus.de\/"},{"@type":"ListItem","position":2,"name":"Anfahrtskarte"}]},{"@type":"WebSite","@id":"https:\/\/faehrmanns-hus.de\/#website","url":"https:\/\/faehrmanns-hus.de\/","name":"Ferienwohnung in Altef\u00e4hr - Urlaub auf R\u00fcgen","description":"S\u00fcdr\u00fcgen von seiner sch\u00f6nsten Seite","potentialAction":[{"@type":"SearchAction","target":{"@type":"EntryPoint","urlTemplate":"https:\/\/faehrmanns-hus.de\/?s={search_term_string}"},"query-input":"required name=search_term_string"}],"inLanguage":"de"}]}},"_links":{"self":[{"href":"https:\/\/faehrmanns-hus.de\/index.php\/wp-json\/wp\/v2\/pages\/58","targetHints":{"allow":["GET"]}}],"collection":[{"href":"https:\/\/faehrmanns-hus.de\/index.php\/wp-json\/wp\/v2\/pages"}],"about":[{"href":"https:\/\/faehrmanns-hus.de\/index.php\/wp-json\/wp\/v2\/types\/page"}],"author":[{"embeddable":true,"href":"https:\/\/faehrmanns-hus.de\/index.php\/wp-json\/wp\/v2\/users\/1"}],"replies":[{"embeddable":true,"href":"https:\/\/faehrmanns-hus.de\/index.php\/wp-json\/wp\/v2\/comments?post=58"}],"version-history":[{"count":3,"href":"https:\/\/faehrmanns-hus.de\/index.php\/wp-json\/wp\/v2\/pages\/58\/revisions"}],"predecessor-version":[{"id":97,"href":"https:\/\/faehrmanns-hus.de\/index.php\/wp-json\/wp\/v2\/pages\/58\/revisions\/97"}],"wp:featuredmedia":[{"embeddable":true,"href":"https:\/\/faehrmanns-hus.de\/index.php\/wp-json\/wp\/v2\/media\/31"}],"wp:attachment":[{"href":"https:\/\/faehrmanns-hus.de\/index.php\/wp-json\/wp\/v2\/media?parent=58"}],"curies":[{"name":"wp","href":"https:\/\/api.w.org\/{rel}","templated":true}]}}