{"id":88,"date":"2020-09-07T05:57:29","date_gmt":"2020-09-07T05:57:29","guid":{"rendered":"https:\/\/faehrmanns-hus.de\/?page_id=88"},"modified":"2020-09-07T06:04:12","modified_gmt":"2020-09-07T06:04:12","slug":"altefaehr","status":"publish","type":"page","link":"https:\/\/faehrmanns-hus.de\/index.php\/altefaehr\/","title":{"rendered":"Altef\u00e4hr"},"content":{"rendered":"<div><img loading=\"lazy\" decoding=\"async\" src=\"https:\/\/faehrmanns-hus.de\/wp-content\/uploads\/2020\/09\/stralsund-4797074_1920-300x200.jpg\" alt=\"\" width=\"300\" height=\"200\" class=\"size-medium wp-image-10 alignleft\" srcset=\"https:\/\/faehrmanns-hus.de\/wp-content\/uploads\/2020\/09\/stralsund-4797074_1920-300x200.jpg 300w, https:\/\/faehrmanns-hus.de\/wp-content\/uploads\/2020\/09\/stralsund-4797074_1920-1024x683.jpg 1024w, https:\/\/faehrmanns-hus.de\/wp-content\/uploads\/2020\/09\/stralsund-4797074_1920-768x512.jpg 768w, https:\/\/faehrmanns-hus.de\/wp-content\/uploads\/2020\/09\/stralsund-4797074_1920-1536x1024.jpg 1536w, https:\/\/faehrmanns-hus.de\/wp-content\/uploads\/2020\/09\/stralsund-4797074_1920.jpg 1920w\" sizes=\"auto, (max-width: 300px) 100vw, 300px\" \/>Altef\u00e4hr ist ein kleines und inzwischen feines Seebad, welches ideal die Sch\u00f6nheit der Insel mit den Annehmlichkeiten der Infrastrucktur und Freizeitangeboten Stralsunds ( z.B. Ozeaneum, Gorch Fock I, Badewelt, Stadtf\u00fchrung ) verbindet.<\/div>\n<p>&nbsp;<\/p>\n<div><\/div>\n<div>Der kleine Segelhafen mit Segel und Surfschule, die Strandpromenade und der kleine Sandstrand sind bei den G\u00e4sten sehr gesch\u00e4tzt. In der Saison gibt es von hier mehrmals t\u00e4glich eine F\u00e4hrverbindung nach Stralsund.<\/div>\n<p>&nbsp;<\/p>\n<div><\/div>\n<div>Das Freizeitangebot des Ortes umfasst in der Saison f\u00fcr junge Familien einen Waldklettergarten sowie f\u00fcr Spazierg\u00e4nger und Radfahrer ein sch\u00f6n gelegener Fu\u00df- und Radweg an der K\u00fcste entlang zu dem n\u00f6rdlichen Teil der Insel.<\/div>\n<p>&nbsp;<\/p>\n<div><\/div>\n<div><strong>Essen und Trinken:<\/strong> der Gast kann sich sowohl mit Hilfe des nahen Dorfladens und der kompletten K\u00fcchenausstattung selbst versorgen oder auf die beiden, auch bei Einheimischen, sehr gesch\u00e4tzten Restaurants zur\u00fcckgreifen.<\/div>\n<p>&nbsp;<\/p>\n<div><\/div>\n<div>In jedem Fall bietet unsere &#8222;Ferienwohnung 5&#8220; im &#8222;F\u00e4hrmannshus&#8220; sowohl dem aktiven Gast als auch dem erholungssuchendem Urlauber den richtigen Ausgangsort.&#8220;<\/div>\n<div><\/div>\n<div><strong>Anreise:<\/strong> mit dem Auto \u00fcber die spektakul\u00e4re neue Hochbr\u00fccke oder mit der Bahn \u00fcber den ca. 2 km entfernt liegenden Bahnhof &#8222;Altef\u00e4hr&#8220;.<\/div>\n<p>&nbsp;<\/p>\n<div><\/div>\n<div>Unser Tipp f\u00fcr Bahnreisende: vom Hauptbahnhof Stralsund ein Taxi nehmen.<\/div>\n<p>&nbsp;<\/p>\n<div><\/div>\n<div><\/div>\n<p style=\"text-align: center;\"><a href=\"https:\/\/faehrmanns-hus.de\"><input type=\"button\" value=\"Zur\u00fcck zur Startseite\" \/><\/a><\/p>\n","protected":false},"excerpt":{"rendered":"<p>Altef\u00e4hr ist ein kleines und inzwischen feines Seebad, welches ideal die Sch\u00f6nheit der Insel mit den Annehmlichkeiten der Infrastrucktur und Freizeitangeboten Stralsunds ( z.B. Ozeaneum, Gorch Fock I, Badewelt, Stadtf\u00fchrung ) verbindet. &nbsp; Der kleine Segelhafen mit Segel und Surfschule, die Strandpromenade und der kleine Sandstrand sind bei den G\u00e4sten [&hellip;]<\/p>\n","protected":false},"author":1,"featured_media":89,"parent":0,"menu_order":0,"comment_status":"closed","ping_status":"closed","template":"","meta":{"footnotes":""},"class_list":["post-88","page","type-page","status-publish","has-post-thumbnail","hentry"],"yoast_head":"<!-- This site is optimized with the Yoast SEO plugin v20.2.1 - https:\/\/yoast.com\/wordpress\/plugins\/seo\/ -->\n<title>Altef\u00e4hr - Ferienwohnung in Altef\u00e4hr - Urlaub auf R\u00fcgen<\/title>\n<meta name=\"robots\" content=\"index, follow, max-snippet:-1, max-image-preview:large, max-video-preview:-1\" \/>\n<link rel=\"canonical\" href=\"https:\/\/faehrmanns-hus.de\/index.php\/altefaehr\/\" \/>\n<meta property=\"og:locale\" content=\"de_DE\" \/>\n<meta property=\"og:type\" content=\"article\" \/>\n<meta property=\"og:title\" content=\"Altef\u00e4hr - Ferienwohnung in Altef\u00e4hr - Urlaub auf R\u00fcgen\" \/>\n<meta property=\"og:description\" content=\"Altef\u00e4hr ist ein kleines und inzwischen feines Seebad, welches ideal die Sch\u00f6nheit der Insel mit den Annehmlichkeiten der Infrastrucktur und Freizeitangeboten Stralsunds ( z.B. Ozeaneum, Gorch Fock I, Badewelt, Stadtf\u00fchrung ) verbindet. &nbsp; Der kleine Segelhafen mit Segel und Surfschule, die Strandpromenade und der kleine Sandstrand sind bei den G\u00e4sten [&hellip;]\" \/>\n<meta property=\"og:url\" content=\"https:\/\/faehrmanns-hus.de\/index.php\/altefaehr\/\" \/>\n<meta property=\"og:site_name\" content=\"Ferienwohnung in Altef\u00e4hr - Urlaub auf R\u00fcgen\" \/>\n<meta property=\"article:modified_time\" content=\"2020-09-07T06:04:12+00:00\" \/>\n<meta property=\"og:image\" content=\"https:\/\/faehrmanns-hus.de\/wp-content\/uploads\/2020\/09\/rugen-island-2272772_1920.jpg\" \/>\n\t<meta property=\"og:image:width\" content=\"1920\" \/>\n\t<meta property=\"og:image:height\" content=\"1079\" \/>\n\t<meta property=\"og:image:type\" content=\"image\/jpeg\" \/>\n<meta name=\"twitter:card\" content=\"summary_large_image\" \/>\n<meta name=\"twitter:label1\" content=\"Gesch\u00e4tzte Lesezeit\" \/>\n\t<meta name=\"twitter:data1\" content=\"1\u00a0Minute\" \/>\n<script type=\"application\/ld+json\" class=\"yoast-schema-graph\">{\"@context\":\"https:\/\/schema.org\",\"@graph\":[{\"@type\":\"WebPage\",\"@id\":\"https:\/\/faehrmanns-hus.de\/index.php\/altefaehr\/\",\"url\":\"https:\/\/faehrmanns-hus.de\/index.php\/altefaehr\/\",\"name\":\"Altef\u00e4hr - Ferienwohnung in Altef\u00e4hr - Urlaub auf R\u00fcgen\",\"isPartOf\":{\"@id\":\"https:\/\/faehrmanns-hus.de\/#website\"},\"datePublished\":\"2020-09-07T05:57:29+00:00\",\"dateModified\":\"2020-09-07T06:04:12+00:00\",\"breadcrumb\":{\"@id\":\"https:\/\/faehrmanns-hus.de\/index.php\/altefaehr\/#breadcrumb\"},\"inLanguage\":\"de\",\"potentialAction\":[{\"@type\":\"ReadAction\",\"target\":[\"https:\/\/faehrmanns-hus.de\/index.php\/altefaehr\/\"]}]},{\"@type\":\"BreadcrumbList\",\"@id\":\"https:\/\/faehrmanns-hus.de\/index.php\/altefaehr\/#breadcrumb\",\"itemListElement\":[{\"@type\":\"ListItem\",\"position\":1,\"name\":\"Home\",\"item\":\"https:\/\/faehrmanns-hus.de\/\"},{\"@type\":\"ListItem\",\"position\":2,\"name\":\"Altef\u00e4hr\"}]},{\"@type\":\"WebSite\",\"@id\":\"https:\/\/faehrmanns-hus.de\/#website\",\"url\":\"https:\/\/faehrmanns-hus.de\/\",\"name\":\"Ferienwohnung in Altef\u00e4hr - Urlaub auf R\u00fcgen\",\"description\":\"S\u00fcdr\u00fcgen von seiner sch\u00f6nsten Seite\",\"potentialAction\":[{\"@type\":\"SearchAction\",\"target\":{\"@type\":\"EntryPoint\",\"urlTemplate\":\"https:\/\/faehrmanns-hus.de\/?s={search_term_string}\"},\"query-input\":\"required name=search_term_string\"}],\"inLanguage\":\"de\"}]}<\/script>\n<!-- \/ Yoast SEO plugin. -->","yoast_head_json":{"title":"Altef\u00e4hr - Ferienwohnung in Altef\u00e4hr - Urlaub auf R\u00fcgen","robots":{"index":"index","follow":"follow","max-snippet":"max-snippet:-1","max-image-preview":"max-image-preview:large","max-video-preview":"max-video-preview:-1"},"canonical":"https:\/\/faehrmanns-hus.de\/index.php\/altefaehr\/","og_locale":"de_DE","og_type":"article","og_title":"Altef\u00e4hr - Ferienwohnung in Altef\u00e4hr - Urlaub auf R\u00fcgen","og_description":"Altef\u00e4hr ist ein kleines und inzwischen feines Seebad, welches ideal die Sch\u00f6nheit der Insel mit den Annehmlichkeiten der Infrastrucktur und Freizeitangeboten Stralsunds ( z.B. Ozeaneum, Gorch Fock I, Badewelt, Stadtf\u00fchrung ) verbindet. &nbsp; Der kleine Segelhafen mit Segel und Surfschule, die Strandpromenade und der kleine Sandstrand sind bei den G\u00e4sten [&hellip;]","og_url":"https:\/\/faehrmanns-hus.de\/index.php\/altefaehr\/","og_site_name":"Ferienwohnung in Altef\u00e4hr - Urlaub auf R\u00fcgen","article_modified_time":"2020-09-07T06:04:12+00:00","og_image":[{"width":1920,"height":1079,"url":"https:\/\/faehrmanns-hus.de\/wp-content\/uploads\/2020\/09\/rugen-island-2272772_1920.jpg","type":"image\/jpeg"}],"twitter_card":"summary_large_image","twitter_misc":{"Gesch\u00e4tzte Lesezeit":"1\u00a0Minute"},"schema":{"@context":"https:\/\/schema.org","@graph":[{"@type":"WebPage","@id":"https:\/\/faehrmanns-hus.de\/index.php\/altefaehr\/","url":"https:\/\/faehrmanns-hus.de\/index.php\/altefaehr\/","name":"Altef\u00e4hr - Ferienwohnung in Altef\u00e4hr - Urlaub auf R\u00fcgen","isPartOf":{"@id":"https:\/\/faehrmanns-hus.de\/#website"},"datePublished":"2020-09-07T05:57:29+00:00","dateModified":"2020-09-07T06:04:12+00:00","breadcrumb":{"@id":"https:\/\/faehrmanns-hus.de\/index.php\/altefaehr\/#breadcrumb"},"inLanguage":"de","potentialAction":[{"@type":"ReadAction","target":["https:\/\/faehrmanns-hus.de\/index.php\/altefaehr\/"]}]},{"@type":"BreadcrumbList","@id":"https:\/\/faehrmanns-hus.de\/index.php\/altefaehr\/#breadcrumb","itemListElement":[{"@type":"ListItem","position":1,"name":"Home","item":"https:\/\/faehrmanns-hus.de\/"},{"@type":"ListItem","position":2,"name":"Altef\u00e4hr"}]},{"@type":"WebSite","@id":"https:\/\/faehrmanns-hus.de\/#website","url":"https:\/\/faehrmanns-hus.de\/","name":"Ferienwohnung in Altef\u00e4hr - Urlaub auf R\u00fcgen","description":"S\u00fcdr\u00fcgen von seiner sch\u00f6nsten Seite","potentialAction":[{"@type":"SearchAction","target":{"@type":"EntryPoint","urlTemplate":"https:\/\/faehrmanns-hus.de\/?s={search_term_string}"},"query-input":"required name=search_term_string"}],"inLanguage":"de"}]}},"_links":{"self":[{"href":"https:\/\/faehrmanns-hus.de\/index.php\/wp-json\/wp\/v2\/pages\/88","targetHints":{"allow":["GET"]}}],"collection":[{"href":"https:\/\/faehrmanns-hus.de\/index.php\/wp-json\/wp\/v2\/pages"}],"about":[{"href":"https:\/\/faehrmanns-hus.de\/index.php\/wp-json\/wp\/v2\/types\/page"}],"author":[{"embeddable":true,"href":"https:\/\/faehrmanns-hus.de\/index.php\/wp-json\/wp\/v2\/users\/1"}],"replies":[{"embeddable":true,"href":"https:\/\/faehrmanns-hus.de\/index.php\/wp-json\/wp\/v2\/comments?post=88"}],"version-history":[{"count":5,"href":"https:\/\/faehrmanns-hus.de\/index.php\/wp-json\/wp\/v2\/pages\/88\/revisions"}],"predecessor-version":[{"id":95,"href":"https:\/\/faehrmanns-hus.de\/index.php\/wp-json\/wp\/v2\/pages\/88\/revisions\/95"}],"wp:featuredmedia":[{"embeddable":true,"href":"https:\/\/faehrmanns-hus.de\/index.php\/wp-json\/wp\/v2\/media\/89"}],"wp:attachment":[{"href":"https:\/\/faehrmanns-hus.de\/index.php\/wp-json\/wp\/v2\/media?parent=88"}],"curies":[{"name":"wp","href":"https:\/\/api.w.org\/{rel}","templated":true}]}}